{"id":61549,"date":"2023-04-07T14:08:01","date_gmt":"2023-04-07T12:08:01","guid":{"rendered":"https:\/\/www.arcadsoftware.com\/?page_id=61549"},"modified":"2025-10-21T11:44:18","modified_gmt":"2025-10-21T09:44:18","slug":"tarification","status":"publish","type":"page","link":"https:\/\/www.arcadsoftware.fr\/arcad\/tarification\/","title":{"rendered":"Tarification"},"content":{"rendered":"<p><div class=\"fusion-fullwidth fullwidth-box fusion-builder-row-1 fusion-flex-container has-pattern-background has-mask-background nonhundred-percent-fullwidth non-hundred-percent-height-scrolling\" style=\"--awb-border-radius-top-left:0px;--awb-border-radius-top-right:0px;--awb-border-radius-bottom-right:0px;--awb-border-radius-bottom-left:0px;--awb-padding-top:45px;--awb-padding-bottom:45px;--awb-padding-right-small:20px;--awb-padding-left-small:20px;--awb-margin-bottom:0px;--awb-background-image:linear-gradient(90deg, var(--awb-color5) 52%,#e1edf8 72%);--awb-flex-wrap:wrap;\" ><div class=\"fusion-builder-row fusion-row fusion-flex-align-items-center fusion-flex-content-wrap\" style=\"max-width:1248px;margin-left: calc(-4% \/ 2 );margin-right: calc(-4% \/ 2 );\"><div class=\"fusion-layout-column fusion_builder_column fusion-builder-column-0 fusion_builder_column_3_4 3_4 fusion-flex-column\" style=\"--awb-bg-size:cover;--awb-width-large:75%;--awb-margin-top-large:0px;--awb-spacing-right-large:2.56%;--awb-margin-bottom-large:0px;--awb-spacing-left-large:2.56%;--awb-width-medium:75%;--awb-order-medium:0;--awb-spacing-right-medium:2.56%;--awb-spacing-left-medium:2.56%;--awb-width-small:100%;--awb-order-small:0;--awb-spacing-right-small:1.92%;--awb-spacing-left-small:1.92%;\"><div class=\"fusion-column-wrapper fusion-column-has-shadow fusion-flex-justify-content-flex-start fusion-content-layout-column\"><div class=\"fusion-title title fusion-title-1 fusion-sep-none fusion-title-text fusion-title-size-one\" style=\"--awb-text-color:var(--awb-color1);--awb-margin-bottom:0px;--awb-margin-top-small:10px;--awb-margin-bottom-small:0px;\"><h1 class=\"fusion-title-heading title-heading-left fusion-responsive-typography-calculated\" style=\"margin:0;--fontSize:65;line-height:1.16;\">Tarifs<\/h1><\/div><div class=\"fusion-title title fusion-title-2 fusion-sep-none fusion-title-text fusion-title-size-two\" style=\"--awb-text-color:var(--awb-color1);--awb-margin-top-small:10px;--awb-margin-bottom-small:10px;\"><h2 class=\"fusion-title-heading title-heading-left fusion-responsive-typography-calculated\" style=\"font-family:&quot;Poppins&quot;;font-style:normal;font-weight:300;margin:0;--fontSize:40;line-height:1.2;\">ARCAD for DevOps &amp; Modernization<\/h2><\/div><\/div><\/div><div class=\"fusion-layout-column fusion_builder_column fusion-builder-column-1 fusion_builder_column_1_4 1_4 fusion-flex-column\" style=\"--awb-bg-size:cover;--awb-width-large:25%;--awb-margin-top-large:0px;--awb-spacing-right-large:7.68%;--awb-margin-bottom-large:0px;--awb-spacing-left-large:7.68%;--awb-width-medium:25%;--awb-order-medium:0;--awb-spacing-right-medium:7.68%;--awb-spacing-left-medium:7.68%;--awb-width-small:50%;--awb-order-small:0;--awb-spacing-right-small:3.84%;--awb-spacing-left-small:3.84%;\"><div class=\"fusion-column-wrapper fusion-column-has-shadow fusion-flex-justify-content-flex-start fusion-content-layout-column\"><div class=\"fusion-image-element sm-text-align-left\" style=\"text-align:center;--awb-max-width:250px;--awb-caption-title-font-family:var(--h2_typography-font-family);--awb-caption-title-font-weight:var(--h2_typography-font-weight);--awb-caption-title-font-style:var(--h2_typography-font-style);--awb-caption-title-size:var(--h2_typography-font-size);--awb-caption-title-transform:var(--h2_typography-text-transform);--awb-caption-title-line-height:var(--h2_typography-line-height);--awb-caption-title-letter-spacing:var(--h2_typography-letter-spacing);\"><span class=\" fusion-imageframe imageframe-none imageframe-1 hover-type-none\"><img decoding=\"async\" width=\"783\" height=\"576\" title=\"price-arcad\" src=\"https:\/\/www.arcadsoftware.fr\/arcad\/wp-content\/uploads\/2023\/03\/price-arcad.png\" alt class=\"img-responsive wp-image-61552\" srcset=\"https:\/\/www.arcadsoftware.com\/arcad\/wp-content\/uploads\/2023\/03\/price-arcad-200x147.png 200w, https:\/\/www.arcadsoftware.com\/arcad\/wp-content\/uploads\/2023\/03\/price-arcad-400x294.png 400w, https:\/\/www.arcadsoftware.com\/arcad\/wp-content\/uploads\/2023\/03\/price-arcad-600x441.png 600w, https:\/\/www.arcadsoftware.com\/arcad\/wp-content\/uploads\/2023\/03\/price-arcad.png 783w\" sizes=\"(max-width: 640px) 100vw, 400px\" \/><\/span><\/div><\/div><\/div><\/div><\/div><div class=\"fusion-fullwidth fullwidth-box fusion-builder-row-2 fusion-flex-container has-pattern-background has-mask-background nonhundred-percent-fullwidth non-hundred-percent-height-scrolling\" style=\"--awb-border-radius-top-left:0px;--awb-border-radius-top-right:0px;--awb-border-radius-bottom-right:0px;--awb-border-radius-bottom-left:0px;--awb-padding-top:45px;--awb-padding-bottom:45px;--awb-padding-right-small:20px;--awb-padding-left-small:20px;--awb-flex-wrap:wrap;\" ><div class=\"fusion-builder-row fusion-row fusion-flex-align-items-flex-start fusion-flex-content-wrap\" style=\"max-width:1248px;margin-left: calc(-4% \/ 2 );margin-right: calc(-4% \/ 2 );\"><div class=\"fusion-layout-column fusion_builder_column fusion-builder-column-2 fusion_builder_column_3_5 3_5 fusion-flex-column\" style=\"--awb-bg-size:cover;--awb-width-large:60%;--awb-margin-top-large:0px;--awb-spacing-right-large:3.2%;--awb-margin-bottom-large:20px;--awb-spacing-left-large:3.2%;--awb-width-medium:100%;--awb-order-medium:0;--awb-spacing-right-medium:1.92%;--awb-spacing-left-medium:1.92%;--awb-width-small:100%;--awb-order-small:0;--awb-spacing-right-small:1.92%;--awb-spacing-left-small:1.92%;\"><div class=\"fusion-column-wrapper fusion-column-has-shadow fusion-flex-justify-content-flex-start fusion-content-layout-column\"><div class=\"fusion-title title fusion-title-3 fusion-sep-none fusion-title-text fusion-title-size-three\" style=\"--awb-text-color:var(--awb-color5);--awb-margin-top-small:10px;--awb-margin-bottom-small:10px;--awb-font-size:20px;\"><h3 class=\"fusion-title-heading title-heading-left fusion-responsive-typography-calculated\" style=\"font-family:&quot;Poppins&quot;;font-style:normal;font-weight:600;margin:0;font-size:1em;--fontSize:20;--minFontSize:20;line-height:1.3;\">Commandez votre &#8220;Document de Valeur M\u00e9tier&#8221; et votre plan de d\u00e9ploiement aupr\u00e8s de l\u2019\u00e9quipe commerciale d\u2019ARCAD :<\/h3><\/div><div class=\"fusion-text fusion-text-1\" style=\"--awb-text-color:var(--awb-color5);--awb-text-font-family:&quot;Poppins&quot;;--awb-text-font-style:normal;--awb-text-font-weight:400;\"><p>L&#8217;\u00e9quipe exp\u00e9riment\u00e9e Ventes et Services d&#8217;ARCAD travaille en \u00e9troite collaboration avec ses clients pour construire une solution sur mesure, optimis\u00e9e pour atteindre les objectifs m\u00e9tiers propres \u00e0 chaque client.<\/p>\n<p>ARCAD \u00e9laborera une <strong>proposition personnalis\u00e9e<\/strong>, incluant :<\/p>\n<ol>\n<li><strong>Un business case sur mesure<\/strong> avec un calcul du retour sur investissement (ROI)<\/li>\n<li><strong>Un plan de d\u00e9ploiement<\/strong> con\u00e7u pour g\u00e9n\u00e9rer de la valeur le plus rapidement possible, en tenant compte de votre situation actuelle et de vos ambitions futures.<\/li>\n<\/ol>\n<\/div><\/div><\/div><div class=\"fusion-layout-column fusion_builder_column fusion-builder-column-3 fusion_builder_column_1_2 1_2 fusion-flex-column\" style=\"--awb-padding-top:9px;--awb-padding-right:22px;--awb-padding-bottom:22px;--awb-padding-left:22px;--awb-bg-color:rgba(225,237,248,0.25);--awb-bg-color-hover:rgba(225,237,248,0.25);--awb-bg-size:cover;--awb-width-large:50%;--awb-margin-top-large:0px;--awb-spacing-right-large:3.84%;--awb-margin-bottom-large:20px;--awb-spacing-left-large:3.84%;--awb-width-medium:50%;--awb-order-medium:0;--awb-margin-top-medium:30px;--awb-spacing-right-medium:3.84%;--awb-spacing-left-medium:3.84%;--awb-width-small:100%;--awb-order-small:0;--awb-spacing-right-small:1.92%;--awb-spacing-left-small:1.92%;\"><div class=\"fusion-column-wrapper fusion-column-has-shadow fusion-flex-justify-content-flex-start fusion-content-layout-column\"><div class=\"fusion-title title fusion-title-4 fusion-sep-none fusion-title-text fusion-title-size-three\" style=\"--awb-text-color:var(--awb-color5);--awb-margin-top-small:10px;--awb-margin-bottom-small:10px;\"><h3 class=\"fusion-title-heading title-heading-left fusion-responsive-typography-calculated\" style=\"font-family:&quot;Poppins&quot;;font-style:normal;font-weight:800;margin:0;--fontSize:32;line-height:1.3;\">ARCAD for DevOps<\/h3><\/div><script charset=\"utf-8\" type=\"text\/javascript\" src=\"\/\/js.hsforms.net\/forms\/embed\/v2.js\"><\/script>\n<script>\n  hbspt.forms.create({\n    region: \"na1\",\n    portalId: \"4514828\",\n    formId: \"cdf6b646-9adf-4389-a69d-84b908a0f873\",\n      css: \"\",\n        blockedDomains: [\"freschelegacy.com\",\"freschesolutions.com\",\"rocketsoftware.com\",\"softlanding.com\",\"mkssoftware.com\",\"midrangedynamics.com\",\"remainsoftware.com\",\"taskforce-it.de\",\"origsoft.com\",\"itheis.com\",\"idinfo-conseil.com\",\"broadcom.com\",\"rs.com\",\"idinfo.eu\",\"looksoftware.com\",\"proximity.co.uk\",\"bigblue.it\",\"xhypm.com\",\"seagullsoftware.com\",\"seagullsoftware.com\",\"xcase.com\",\"comsid.de\",\"genebag.com\",\"mailo.com\",\"neuf.fr\",\"pks.de\",\"armonie.group\",\"pascalpolverini.com\",\"polverinipartners.com\",\"systnaps.com\",\"sarus.tech\",\"microfocus.com\",\"opentext.com\",\"md-na.com\",\"redbourn.co.uk\",\"omninet.be\",\"cdinvest.be\",\"cdinvest.eu\",\"ptc.com\",\"alvinecapital.co.uk\",\"katchou.eu\",\"talend.com\",\"bartech.es\"],\n        translations: {\n           fr: {\n             required: \"Ce champs est requis.\",\n             missingSelect: \"Ce champs est requis.\",\n             forbiddenEmailDomain: \"Veuillez saisir une adresse professionnelle\",\n             manuallyBlockedEmailDomain: \"Veuillez saisir une adresse professionnelle\", \n             submitText: \"RECEVOIR MON OFFRE\"\n           }\n       }\n});\n<\/script><\/div><\/div><div class=\"fusion-layout-column fusion_builder_column fusion-builder-column-4 fusion_builder_column_1_2 1_2 fusion-flex-column\" style=\"--awb-padding-top:9px;--awb-padding-right:22px;--awb-padding-bottom:22px;--awb-padding-left:22px;--awb-bg-color:rgba(225,237,248,0.25);--awb-bg-color-hover:rgba(225,237,248,0.25);--awb-bg-size:cover;--awb-width-large:50%;--awb-margin-top-large:0px;--awb-spacing-right-large:3.84%;--awb-margin-bottom-large:20px;--awb-spacing-left-large:3.84%;--awb-width-medium:50%;--awb-order-medium:0;--awb-margin-top-medium:30px;--awb-spacing-right-medium:3.84%;--awb-spacing-left-medium:3.84%;--awb-width-small:100%;--awb-order-small:0;--awb-spacing-right-small:1.92%;--awb-spacing-left-small:1.92%;\"><div class=\"fusion-column-wrapper fusion-column-has-shadow fusion-flex-justify-content-flex-start fusion-content-layout-column\"><div class=\"fusion-title title fusion-title-5 fusion-sep-none fusion-title-text fusion-title-size-three\" style=\"--awb-text-color:var(--awb-color5);--awb-margin-top-small:10px;--awb-margin-bottom-small:10px;\"><h3 class=\"fusion-title-heading title-heading-left fusion-responsive-typography-calculated\" style=\"font-family:&quot;Poppins&quot;;font-style:normal;font-weight:800;margin:0;--fontSize:32;line-height:1.3;\">Solutions Modernisation<\/h3><\/div><script charset=\"utf-8\" type=\"text\/javascript\" src=\"\/\/js.hsforms.net\/forms\/embed\/v2.js\"><\/script>\n<script>\n  hbspt.forms.create({\n    region: \"na1\",\n    portalId: \"4514828\",\n    formId: \"31119e0f-1adc-45ed-a97f-0d0f8db49adc\",\n      css: \"\",\n        blockedDomains: [\"freschelegacy.com\",\"freschesolutions.com\",\"rocketsoftware.com\",\"softlanding.com\",\"mkssoftware.com\",\"midrangedynamics.com\",\"remainsoftware.com\",\"taskforce-it.de\",\"origsoft.com\",\"itheis.com\",\"idinfo-conseil.com\",\"broadcom.com\",\"rs.com\",\"idinfo.eu\",\"looksoftware.com\",\"proximity.co.uk\",\"bigblue.it\",\"xhypm.com\",\"seagullsoftware.com\",\"seagullsoftware.com\",\"xcase.com\",\"comsid.de\",\"genebag.com\",\"mailo.com\",\"neuf.fr\",\"pks.de\",\"armonie.group\",\"pascalpolverini.com\",\"polverinipartners.com\",\"systnaps.com\",\"sarus.tech\",\"microfocus.com\",\"opentext.com\",\"md-na.com\",\"redbourn.co.uk\",\"omninet.be\",\"cdinvest.be\",\"cdinvest.eu\",\"ptc.com\",\"alvinecapital.co.uk\",\"katchou.eu\",\"talend.com\",\"bartech.es\"],\n        translations: {\n           fr: {\n             required: \"Ce champs est requis.\",\n             missingSelect: \"Ce champs est requis.\",\n             forbiddenEmailDomain: \"Veuillez saisir une adresse professionnelle\",\n             manuallyBlockedEmailDomain: \"Veuillez saisir une adresse professionnelle\", \n             submitText: \"RECEVOIR MON OFFRE\"\n           }\n       }\n});\n<\/script><\/div><\/div><\/div><\/div><\/p>\n","protected":false},"excerpt":{"rendered":"","protected":false},"author":16,"featured_media":61552,"parent":0,"menu_order":0,"comment_status":"closed","ping_status":"closed","template":"100-width.php","meta":{"footnotes":""},"class_list":["post-61549","page","type-page","status-publish","has-post-thumbnail","hentry"],"yoast_head":"<!-- This site is optimized with the Yoast SEO plugin v27.3 - https:\/\/yoast.com\/product\/yoast-seo-wordpress\/ -->\n<title>Tarification - ARCAD<\/title>\n<meta name=\"description\" content=\"D\u00e9couvrez les tarifs de nos solutions ARCAD for DevOps &amp; Modernisation.\" \/>\n<meta name=\"robots\" content=\"index, follow, max-snippet:-1, max-image-preview:large, max-video-preview:-1\" \/>\n<link rel=\"canonical\" href=\"https:\/\/www.arcadsoftware.fr\/arcad\/tarification\/\" \/>\n<meta property=\"og:locale\" content=\"en_US\" \/>\n<meta property=\"og:type\" content=\"article\" \/>\n<meta property=\"og:title\" content=\"Tarification - ARCAD\" \/>\n<meta property=\"og:description\" content=\"D\u00e9couvrez les tarifs de nos solutions ARCAD for DevOps &amp; Modernisation.\" \/>\n<meta property=\"og:url\" content=\"https:\/\/www.arcadsoftware.fr\/arcad\/tarification\/\" \/>\n<meta property=\"og:site_name\" content=\"ARCAD\" \/>\n<meta property=\"article:publisher\" content=\"https:\/\/www.facebook.com\/pages\/Arcad-Software\/116086138469235\" \/>\n<meta property=\"article:modified_time\" content=\"2025-10-21T09:44:18+00:00\" \/>\n<meta property=\"og:image\" content=\"https:\/\/www.arcadsoftware.fr\/arcad\/wp-content\/uploads\/2023\/03\/price-arcad.png\" \/>\n\t<meta property=\"og:image:width\" content=\"783\" \/>\n\t<meta property=\"og:image:height\" content=\"576\" \/>\n\t<meta property=\"og:image:type\" content=\"image\/png\" \/>\n<meta name=\"twitter:label1\" content=\"Est. reading time\" \/>\n\t<meta name=\"twitter:data1\" content=\"7 minutes\" \/>\n<script type=\"application\/ld+json\" class=\"yoast-schema-graph\">{\"@context\":\"https:\\\/\\\/schema.org\",\"@graph\":[{\"@type\":\"WebPage\",\"@id\":\"https:\\\/\\\/www.arcadsoftware.fr\\\/arcad\\\/tarification\\\/\",\"url\":\"https:\\\/\\\/www.arcadsoftware.fr\\\/arcad\\\/tarification\\\/\",\"name\":\"Tarification - ARCAD\",\"isPartOf\":{\"@id\":\"https:\\\/\\\/www.arcadsoftware.com\\\/arcad\\\/#website\"},\"primaryImageOfPage\":{\"@id\":\"https:\\\/\\\/www.arcadsoftware.fr\\\/arcad\\\/tarification\\\/#primaryimage\"},\"image\":{\"@id\":\"https:\\\/\\\/www.arcadsoftware.fr\\\/arcad\\\/tarification\\\/#primaryimage\"},\"thumbnailUrl\":\"https:\\\/\\\/www.arcadsoftware.com\\\/arcad\\\/wp-content\\\/uploads\\\/2023\\\/03\\\/price-arcad.png\",\"datePublished\":\"2023-04-07T12:08:01+00:00\",\"dateModified\":\"2025-10-21T09:44:18+00:00\",\"description\":\"D\u00e9couvrez les tarifs de nos solutions ARCAD for DevOps & Modernisation.\",\"breadcrumb\":{\"@id\":\"https:\\\/\\\/www.arcadsoftware.fr\\\/arcad\\\/tarification\\\/#breadcrumb\"},\"inLanguage\":\"en-US\",\"potentialAction\":[{\"@type\":\"ReadAction\",\"target\":[\"https:\\\/\\\/www.arcadsoftware.fr\\\/arcad\\\/tarification\\\/\"]}]},{\"@type\":\"ImageObject\",\"inLanguage\":\"en-US\",\"@id\":\"https:\\\/\\\/www.arcadsoftware.fr\\\/arcad\\\/tarification\\\/#primaryimage\",\"url\":\"https:\\\/\\\/www.arcadsoftware.com\\\/arcad\\\/wp-content\\\/uploads\\\/2023\\\/03\\\/price-arcad.png\",\"contentUrl\":\"https:\\\/\\\/www.arcadsoftware.com\\\/arcad\\\/wp-content\\\/uploads\\\/2023\\\/03\\\/price-arcad.png\",\"width\":783,\"height\":576},{\"@type\":\"BreadcrumbList\",\"@id\":\"https:\\\/\\\/www.arcadsoftware.fr\\\/arcad\\\/tarification\\\/#breadcrumb\",\"itemListElement\":[{\"@type\":\"ListItem\",\"position\":1,\"name\":\"ARCAD\",\"item\":\"https:\\\/\\\/www.arcadsoftware.com\\\/arcad\\\/\"},{\"@type\":\"ListItem\",\"position\":2,\"name\":\"Tarification\"}]},{\"@type\":\"WebSite\",\"@id\":\"https:\\\/\\\/www.arcadsoftware.com\\\/arcad\\\/#website\",\"url\":\"https:\\\/\\\/www.arcadsoftware.com\\\/arcad\\\/\",\"name\":\"ARCAD\",\"description\":\"Experts DevOps &amp; Modernisation sur IBM i (alias AS\\\/400 ou AS400)\",\"publisher\":{\"@id\":\"https:\\\/\\\/www.arcadsoftware.com\\\/arcad\\\/#organization\"},\"potentialAction\":[{\"@type\":\"SearchAction\",\"target\":{\"@type\":\"EntryPoint\",\"urlTemplate\":\"https:\\\/\\\/www.arcadsoftware.com\\\/arcad\\\/?s={search_term_string}\"},\"query-input\":{\"@type\":\"PropertyValueSpecification\",\"valueRequired\":true,\"valueName\":\"search_term_string\"}}],\"inLanguage\":\"en-US\"},{\"@type\":\"Organization\",\"@id\":\"https:\\\/\\\/www.arcadsoftware.com\\\/arcad\\\/#organization\",\"name\":\"ARCAD Software\",\"url\":\"https:\\\/\\\/www.arcadsoftware.com\\\/arcad\\\/\",\"logo\":{\"@type\":\"ImageObject\",\"inLanguage\":\"en-US\",\"@id\":\"https:\\\/\\\/www.arcadsoftware.com\\\/arcad\\\/#\\\/schema\\\/logo\\\/image\\\/\",\"url\":\"https:\\\/\\\/www.arcadsoftware.com\\\/arcad\\\/wp-content\\\/uploads\\\/2017\\\/09\\\/arcad-group-logo-text-144.png\",\"contentUrl\":\"https:\\\/\\\/www.arcadsoftware.com\\\/arcad\\\/wp-content\\\/uploads\\\/2017\\\/09\\\/arcad-group-logo-text-144.png\",\"width\":144,\"height\":200,\"caption\":\"ARCAD Software\"},\"image\":{\"@id\":\"https:\\\/\\\/www.arcadsoftware.com\\\/arcad\\\/#\\\/schema\\\/logo\\\/image\\\/\"},\"sameAs\":[\"https:\\\/\\\/www.facebook.com\\\/pages\\\/Arcad-Software\\\/116086138469235\",\"https:\\\/\\\/x.com\\\/arcad_software\",\"https:\\\/\\\/www.linkedin.com\\\/company\\\/arcad-software\",\"https:\\\/\\\/www.youtube.com\\\/user\\\/ARCADSoftwareInc\"]}]}<\/script>\n<!-- \/ Yoast SEO plugin. -->","yoast_head_json":{"title":"Tarification - ARCAD","description":"D\u00e9couvrez les tarifs de nos solutions ARCAD for DevOps & Modernisation.","robots":{"index":"index","follow":"follow","max-snippet":"max-snippet:-1","max-image-preview":"max-image-preview:large","max-video-preview":"max-video-preview:-1"},"canonical":"https:\/\/www.arcadsoftware.fr\/arcad\/tarification\/","og_locale":"en_US","og_type":"article","og_title":"Tarification - ARCAD","og_description":"D\u00e9couvrez les tarifs de nos solutions ARCAD for DevOps & Modernisation.","og_url":"https:\/\/www.arcadsoftware.fr\/arcad\/tarification\/","og_site_name":"ARCAD","article_publisher":"https:\/\/www.facebook.com\/pages\/Arcad-Software\/116086138469235","article_modified_time":"2025-10-21T09:44:18+00:00","og_image":[{"width":783,"height":576,"url":"https:\/\/www.arcadsoftware.fr\/arcad\/wp-content\/uploads\/2023\/03\/price-arcad.png","type":"image\/png"}],"twitter_misc":{"Est. reading time":"7 minutes"},"schema":{"@context":"https:\/\/schema.org","@graph":[{"@type":"WebPage","@id":"https:\/\/www.arcadsoftware.fr\/arcad\/tarification\/","url":"https:\/\/www.arcadsoftware.fr\/arcad\/tarification\/","name":"Tarification - ARCAD","isPartOf":{"@id":"https:\/\/www.arcadsoftware.com\/arcad\/#website"},"primaryImageOfPage":{"@id":"https:\/\/www.arcadsoftware.fr\/arcad\/tarification\/#primaryimage"},"image":{"@id":"https:\/\/www.arcadsoftware.fr\/arcad\/tarification\/#primaryimage"},"thumbnailUrl":"https:\/\/www.arcadsoftware.com\/arcad\/wp-content\/uploads\/2023\/03\/price-arcad.png","datePublished":"2023-04-07T12:08:01+00:00","dateModified":"2025-10-21T09:44:18+00:00","description":"D\u00e9couvrez les tarifs de nos solutions ARCAD for DevOps & Modernisation.","breadcrumb":{"@id":"https:\/\/www.arcadsoftware.fr\/arcad\/tarification\/#breadcrumb"},"inLanguage":"en-US","potentialAction":[{"@type":"ReadAction","target":["https:\/\/www.arcadsoftware.fr\/arcad\/tarification\/"]}]},{"@type":"ImageObject","inLanguage":"en-US","@id":"https:\/\/www.arcadsoftware.fr\/arcad\/tarification\/#primaryimage","url":"https:\/\/www.arcadsoftware.com\/arcad\/wp-content\/uploads\/2023\/03\/price-arcad.png","contentUrl":"https:\/\/www.arcadsoftware.com\/arcad\/wp-content\/uploads\/2023\/03\/price-arcad.png","width":783,"height":576},{"@type":"BreadcrumbList","@id":"https:\/\/www.arcadsoftware.fr\/arcad\/tarification\/#breadcrumb","itemListElement":[{"@type":"ListItem","position":1,"name":"ARCAD","item":"https:\/\/www.arcadsoftware.com\/arcad\/"},{"@type":"ListItem","position":2,"name":"Tarification"}]},{"@type":"WebSite","@id":"https:\/\/www.arcadsoftware.com\/arcad\/#website","url":"https:\/\/www.arcadsoftware.com\/arcad\/","name":"ARCAD","description":"Experts DevOps &amp; Modernisation sur IBM i (alias AS\/400 ou AS400)","publisher":{"@id":"https:\/\/www.arcadsoftware.com\/arcad\/#organization"},"potentialAction":[{"@type":"SearchAction","target":{"@type":"EntryPoint","urlTemplate":"https:\/\/www.arcadsoftware.com\/arcad\/?s={search_term_string}"},"query-input":{"@type":"PropertyValueSpecification","valueRequired":true,"valueName":"search_term_string"}}],"inLanguage":"en-US"},{"@type":"Organization","@id":"https:\/\/www.arcadsoftware.com\/arcad\/#organization","name":"ARCAD Software","url":"https:\/\/www.arcadsoftware.com\/arcad\/","logo":{"@type":"ImageObject","inLanguage":"en-US","@id":"https:\/\/www.arcadsoftware.com\/arcad\/#\/schema\/logo\/image\/","url":"https:\/\/www.arcadsoftware.com\/arcad\/wp-content\/uploads\/2017\/09\/arcad-group-logo-text-144.png","contentUrl":"https:\/\/www.arcadsoftware.com\/arcad\/wp-content\/uploads\/2017\/09\/arcad-group-logo-text-144.png","width":144,"height":200,"caption":"ARCAD Software"},"image":{"@id":"https:\/\/www.arcadsoftware.com\/arcad\/#\/schema\/logo\/image\/"},"sameAs":["https:\/\/www.facebook.com\/pages\/Arcad-Software\/116086138469235","https:\/\/x.com\/arcad_software","https:\/\/www.linkedin.com\/company\/arcad-software","https:\/\/www.youtube.com\/user\/ARCADSoftwareInc"]}]}},"_links":{"self":[{"href":"https:\/\/www.arcadsoftware.com\/arcad\/wp-json\/wp\/v2\/pages\/61549","targetHints":{"allow":["GET"]}}],"collection":[{"href":"https:\/\/www.arcadsoftware.com\/arcad\/wp-json\/wp\/v2\/pages"}],"about":[{"href":"https:\/\/www.arcadsoftware.com\/arcad\/wp-json\/wp\/v2\/types\/page"}],"author":[{"embeddable":true,"href":"https:\/\/www.arcadsoftware.com\/arcad\/wp-json\/wp\/v2\/users\/16"}],"replies":[{"embeddable":true,"href":"https:\/\/www.arcadsoftware.com\/arcad\/wp-json\/wp\/v2\/comments?post=61549"}],"version-history":[{"count":5,"href":"https:\/\/www.arcadsoftware.com\/arcad\/wp-json\/wp\/v2\/pages\/61549\/revisions"}],"predecessor-version":[{"id":74887,"href":"https:\/\/www.arcadsoftware.com\/arcad\/wp-json\/wp\/v2\/pages\/61549\/revisions\/74887"}],"wp:featuredmedia":[{"embeddable":true,"href":"https:\/\/www.arcadsoftware.com\/arcad\/wp-json\/wp\/v2\/media\/61552"}],"wp:attachment":[{"href":"https:\/\/www.arcadsoftware.com\/arcad\/wp-json\/wp\/v2\/media?parent=61549"}],"curies":[{"name":"wp","href":"https:\/\/api.w.org\/{rel}","templated":true}]}}