{"id":72448,"date":"2025-03-11T11:21:59","date_gmt":"2025-03-11T09:21:59","guid":{"rendered":"https:\/\/www.arcadsoftware.com\/arcad\/?page_id=72448"},"modified":"2025-03-11T11:43:08","modified_gmt":"2025-03-11T09:43:08","slug":"arcad-training-ameliorez-vos-competences-avec-les-solutions-arcad","status":"publish","type":"page","link":"https:\/\/www.arcadsoftware.fr\/arcad\/support-fr\/arcad-training-ameliorez-vos-competences-avec-les-solutions-arcad\/","title":{"rendered":"ARCAD Training &#8211; Am\u00e9liorez vos comp\u00e9tences avec les solutions ARCAD"},"content":{"rendered":"<p><div class=\"fusion-fullwidth fullwidth-box fusion-builder-row-1 fusion-flex-container main-product arcad-for-ibm-i-modernization nonhundred-percent-fullwidth non-hundred-percent-height-scrolling\" style=\"--awb-background-position:center top;--awb-background-blend-mode:overlay;--awb-border-radius-top-left:0px;--awb-border-radius-top-right:0px;--awb-border-radius-bottom-right:0px;--awb-border-radius-bottom-left:0px;--awb-padding-top:45px;--awb-padding-top-small:45px;--awb-padding-right-small:20px;--awb-padding-bottom-small:25px;--awb-padding-left-small:20px;--awb-background-image:linear-gradient(180deg, #e1edf8 0%,rgba(255,255,255,0.01) 73%);--awb-flex-wrap:wrap;\" ><div class=\"fusion-builder-row fusion-row fusion-flex-align-items-stretch fusion-flex-content-wrap\" style=\"max-width:1248px;margin-left: calc(-4% \/ 2 );margin-right: calc(-4% \/ 2 );\"><div class=\"fusion-layout-column fusion_builder_column fusion-builder-column-0 fusion_builder_column_1_1 1_1 fusion-flex-column\" style=\"--awb-bg-size:cover;--awb-width-large:100%;--awb-margin-top-large:0px;--awb-spacing-right-large:1.92%;--awb-margin-bottom-large:0px;--awb-spacing-left-large:1.92%;--awb-width-medium:100%;--awb-order-medium:0;--awb-spacing-right-medium:1.92%;--awb-spacing-left-medium:1.92%;--awb-width-small:100%;--awb-order-small:0;--awb-spacing-right-small:1.92%;--awb-spacing-left-small:1.92%;\"><div class=\"fusion-column-wrapper fusion-column-has-shadow fusion-flex-justify-content-flex-start fusion-content-layout-column\"><div class=\"fusion-image-element \" style=\"--awb-max-width:370px;--awb-caption-title-font-family:var(--h2_typography-font-family);--awb-caption-title-font-weight:var(--h2_typography-font-weight);--awb-caption-title-font-style:var(--h2_typography-font-style);--awb-caption-title-size:var(--h2_typography-font-size);--awb-caption-title-transform:var(--h2_typography-text-transform);--awb-caption-title-line-height:var(--h2_typography-line-height);--awb-caption-title-letter-spacing:var(--h2_typography-letter-spacing);\"><span class=\" fusion-imageframe imageframe-none imageframe-1 hover-type-none\"><img decoding=\"async\" width=\"1024\" height=\"686\" alt=\"ARCAD Services Illustration\" title=\"services-arcad-solution-audit-maas-1024&#215;686-1\" src=\"https:\/\/www.arcadsoftware.com\/arcad\/wp-content\/uploads\/2021\/07\/services-arcad-solution-audit-maas-1024x686-1.png\" class=\"img-responsive wp-image-49538\" srcset=\"https:\/\/www.arcadsoftware.com\/arcad\/wp-content\/uploads\/2021\/07\/services-arcad-solution-audit-maas-1024x686-1-200x134.png 200w, https:\/\/www.arcadsoftware.com\/arcad\/wp-content\/uploads\/2021\/07\/services-arcad-solution-audit-maas-1024x686-1-400x268.png 400w, https:\/\/www.arcadsoftware.com\/arcad\/wp-content\/uploads\/2021\/07\/services-arcad-solution-audit-maas-1024x686-1-600x402.png 600w, https:\/\/www.arcadsoftware.com\/arcad\/wp-content\/uploads\/2021\/07\/services-arcad-solution-audit-maas-1024x686-1-800x536.png 800w, https:\/\/www.arcadsoftware.com\/arcad\/wp-content\/uploads\/2021\/07\/services-arcad-solution-audit-maas-1024x686-1.png 1024w\" sizes=\"(max-width: 640px) 100vw, 1024px\" \/><\/span><\/div><\/div><\/div><div class=\"fusion-layout-column fusion_builder_column fusion-builder-column-1 fusion_builder_column_3_4 3_4 fusion-flex-column\" style=\"--awb-padding-top:10px;--awb-padding-bottom-small:0px;--awb-bg-size:cover;--awb-width-large:75%;--awb-margin-top-large:0px;--awb-spacing-right-large:2.56%;--awb-margin-bottom-large:30px;--awb-spacing-left-large:2.56%;--awb-width-medium:75%;--awb-order-medium:0;--awb-spacing-right-medium:2.56%;--awb-spacing-left-medium:2.56%;--awb-width-small:100%;--awb-order-small:0;--awb-spacing-right-small:1.92%;--awb-margin-bottom-small:0px;--awb-spacing-left-small:1.92%;\"><div class=\"fusion-column-wrapper fusion-column-has-shadow fusion-flex-justify-content-flex-start fusion-content-layout-column\"><div class=\"fusion-title title fusion-title-1 fusion-sep-none fusion-title-text fusion-title-size-one\" style=\"--awb-text-color:var(--awb-color5);--awb-margin-top:0px;--awb-margin-bottom:0px;--awb-margin-bottom-small:0px;--awb-font-size:16px;\"><h1 class=\"fusion-title-heading title-heading-left fusion-responsive-typography-calculated\" style=\"font-family:&quot;Poppins&quot;;font-style:normal;font-weight:600;margin:0;font-size:1em;--fontSize:16;--minFontSize:16;line-height:1.16;\">ARCAD Training<\/h1><\/div><div class=\"fusion-title title fusion-title-2 fusion-sep-none fusion-title-text fusion-title-size-two\" style=\"--awb-text-color:var(--awb-color5);--awb-margin-top:0px;--awb-margin-top-small:0px;--awb-font-size:40px;\"><h2 class=\"fusion-title-heading title-heading-left fusion-responsive-typography-calculated\" style=\"font-family:&quot;Poppins&quot;;font-style:normal;font-weight:800;margin:0;font-size:1em;--fontSize:40;line-height:1.2;\"><span style=\"font-weight: 800; line-height: 1;\">Am\u00e9liorez vos comp\u00e9tences avec les solutions ARCAD <\/span><span style=\"font-weight: 300; font-size: 25px; display: block;\"> dans nos locaux, sur site ou \u00e0 distance.<\/span><\/h2><\/div><\/div><\/div><\/div><\/div><div class=\"fusion-fullwidth fullwidth-box fusion-builder-row-2 fusion-flex-container main-product arcad-for-ibm-i-modernization nonhundred-percent-fullwidth non-hundred-percent-height-scrolling\" style=\"--awb-background-position:center top;--awb-background-blend-mode:overlay;--awb-border-radius-top-left:0px;--awb-border-radius-top-right:0px;--awb-border-radius-bottom-right:0px;--awb-border-radius-bottom-left:0px;--awb-padding-top:75px;--awb-padding-bottom:75px;--awb-padding-top-small:45px;--awb-padding-right-small:20px;--awb-padding-bottom-small:40px;--awb-padding-left-small:20px;--awb-background-image:linear-gradient(180deg, #e1edf8 0%,rgba(255,255,255,0.01) 73%);--awb-flex-wrap:wrap;\" ><div class=\"fusion-builder-row fusion-row fusion-flex-align-items-stretch fusion-flex-content-wrap\" style=\"max-width:1248px;margin-left: calc(-4% \/ 2 );margin-right: calc(-4% \/ 2 );\"><div class=\"fusion-layout-column fusion_builder_column fusion-builder-column-2 fusion_builder_column_1_1 1_1 fusion-flex-column\" style=\"--awb-padding-bottom-small:0px;--awb-bg-size:cover;--awb-width-large:100%;--awb-margin-top-large:0px;--awb-spacing-right-large:1.92%;--awb-margin-bottom-large:20px;--awb-spacing-left-large:1.92%;--awb-width-medium:100%;--awb-order-medium:0;--awb-spacing-right-medium:1.92%;--awb-spacing-left-medium:1.92%;--awb-width-small:100%;--awb-order-small:0;--awb-spacing-right-small:1.92%;--awb-spacing-left-small:1.92%;\"><div class=\"fusion-column-wrapper fusion-column-has-shadow fusion-flex-justify-content-flex-start fusion-content-layout-column\"><div class=\"fusion-title title fusion-title-3 fusion-sep-none fusion-title-text fusion-title-size-three\" style=\"--awb-text-color:var(--awb-color5);--awb-margin-top:0px;--awb-margin-top-small:0px;--awb-font-size:25px;\"><h3 class=\"fusion-title-heading title-heading-left fusion-responsive-typography-calculated\" style=\"font-family:&quot;Poppins&quot;;font-style:normal;font-weight:800;margin:0;font-size:1em;--fontSize:25;line-height:1.3;\">Ma\u00eetriser Git avec ARCAD :<br \/>Un guide complet pour les d\u00e9veloppeurs IBM i\u200b<\/h3><\/div>\n<div class=\"table-1\" style=\"--awb-margin-top:15px;\">\n<table width=\"100%\">\n<tbody>\n<tr>\n<td align=\"left\"><strong>Lieu<\/strong><\/td>\n<td align=\"left\">Sur site ou \u00e0 distance<\/td>\n<\/tr>\n<tr>\n<td align=\"left\"><strong>Dur\u00e9e<\/strong><\/td>\n<td align=\"left\">2 jours<\/td>\n<\/tr>\n<tr>\n<td align=\"left\"><strong>Objectifs<\/strong><\/td>\n<td align=\"left\">\n<p>Former les utilisateurs finaux au d\u00e9veloppement avec Git et ARCAD for DevOps.&nbsp;Cette formation a pour objectif de \u00ab d\u00e9mystifier \u00bb Git pour les d\u00e9veloppeurs qui ne le connaissent pas et ne l&#8217;ont jamais utilis\u00e9 dans un environnement IBM i.<\/p>\n<p>Elle aborde les bonnes pratiques d&#8217;utilisation de Git avec ARCAD, en combinant concepts th\u00e9oriques et ateliers pratiques pour assurer une compr\u00e9hension approfondie.<\/p>\n<\/td>\n<\/tr>\n<tr>\n<td align=\"left\"><strong>Entr\u00e9e<\/strong><\/td>\n<td align=\"left\">Environnement pr\u00eat \u00e0 utiliser ARCAD Advanced comme nouvelle plateforme de d\u00e9veloppement<\/td>\n<\/tr>\n<tr>\n<td align=\"left\"><strong>Sortie<\/strong><\/td>\n<td align=\"left\">D\u00e9veloppeurs pr\u00eats \u00e0 appliquer la m\u00e9thodologie Git dans ARCAD for DevOps<\/td>\n<\/tr>\n<tr>\n<td align=\"left\"><strong>Conditions<\/strong><\/td>\n<td align=\"left\"><strong>Utilisateurs concern\u00e9s :<\/strong> limit\u00e9 \u00e0 un <strong>maximum de 7 participants<\/strong> (d\u00e9veloppeurs)<br \/>La formation est r\u00e9alis\u00e9e sur une <strong>application de d\u00e9monstration standard<\/strong>.<\/td>\n<\/tr>\n<tr>\n<td align=\"left\"><strong>Agenda<\/strong><\/td>\n<td align=\"left\">\n<ul>\n<li>Introduction \u00e0 Git &amp; ARCAD :\n<ul>\n<li>Vue d\u2019ensemble sur l\u2019utilisation de Git sur IBM i avec ARCAD.<\/li>\n<li>Explication des d\u00e9p\u00f4ts Git locaux et distants ainsi que de leur utilisation.<\/li>\n<\/ul>\n<\/li>\n<\/ul>\n<ul>\n<li>M\u00e9thodologie Gitflow :\n<ul>\n<li>Explication d\u00e9taill\u00e9e de la m\u00e9thodologie Gitflow.<\/li>\n<li>R\u00f4les des diff\u00e9rentes branches : master, develop, feature, release, hotfix et sandbox.<\/li>\n<\/ul>\n<\/li>\n<\/ul>\n<ul>\n<li>Ateliers pratiques :\u200b\n<ul>\n<li>Atelier 1 : Modifier un composant et le pousser sur Git.<\/li>\n<li>Atelier 2 : Fusionner deux fonctionnalit\u00e9s dans une version et construire la release.<\/li>\n<li>Atelier 3 : Fusionner deux fonctionnalit\u00e9s dans une version avec un conflit, r\u00e9soudre le conflit et construire la release.<\/li>\n<\/ul>\n<\/li>\n<\/ul>\n<ul>\n<li>R\u00e9solution de conflits :\u200b\n<ul>\n<li>M\u00e9thodes de r\u00e9solution des conflits : fonctionnalit\u00e9s des outils, r\u00e9solution locale et versions ARCAD.<\/li>\n<\/ul>\n<\/li>\n<\/ul>\n<ul>\n<li>Int\u00e9gration avec les solutions CI\/CD :\n<ul>\n<li>Int\u00e9gration d\u2019ARCAD avec des solutions CI\/CD comme Jenkins, Azure DevOps et GitHub Actions pour des builds et d\u00e9ploiements automatis\u00e9s.<\/li>\n<\/ul>\n<\/li>\n<\/ul>\n<ul>\n<li>Gestion des membres sources et des objets :\n<ul>\n<li>Gestion des membres sources et des objets sans sources \u00e0 l\u2019aide des commandes et macro-commandes ARCAD.<\/li>\n<\/ul>\n<\/li>\n<\/ul>\n<\/td>\n<\/tr>\n<tr>\n<td align=\"left\"><strong>Charge de travail<\/strong><\/td>\n<td align=\"left\"><strong>2 jours-homme sur site ou 5 sessions \u00e0 distance de 2h30<\/strong><\/td>\n<\/tr>\n<\/tbody>\n<\/table>\n<\/div>\n<div style=\"text-align:center;\"><a class=\"fusion-button button-flat fusion-button-default-size button-custom fusion-button-default button-1 fusion-button-default-span fusion-button-default-type\" style=\"--button_accent_color:#ffffff;--button_accent_hover_color:var(--awb-color5);--button_border_hover_color:var(--awb-color5);--button_gradient_top_color:var(--awb-color5);--button_gradient_bottom_color:var(--awb-color5);--button_gradient_top_color_hover:var(--awb-color1);--button_gradient_bottom_color_hover:var(--awb-color1);--button_margin-top:25px;\" target=\"_self\" href=\"\/arcad\/a-propos\/contact\/\"><span class=\"fusion-button-text\">S&#8217;inscrire \u00e0 la formation<\/span><\/a><\/div><\/div><\/div><\/div><\/div><div class=\"fusion-fullwidth fullwidth-box fusion-builder-row-3 fusion-flex-container has-pattern-background has-mask-background maas nonhundred-percent-fullwidth non-hundred-percent-height-scrolling\" style=\"--awb-border-radius-top-left:0px;--awb-border-radius-top-right:0px;--awb-border-radius-bottom-right:0px;--awb-border-radius-bottom-left:0px;--awb-padding-top:40px;--awb-padding-bottom:45px;--awb-background-color:#437cb4;--awb-flex-wrap:wrap;\" ><div class=\"fusion-builder-row fusion-row fusion-flex-align-items-center fusion-flex-justify-content-center fusion-flex-content-wrap\" style=\"max-width:1248px;margin-left: calc(-4% \/ 2 );margin-right: calc(-4% \/ 2 );\"><div class=\"fusion-layout-column fusion_builder_column fusion-builder-column-3 fusion_builder_column_2_3 2_3 fusion-flex-column\" style=\"--awb-bg-size:cover;--awb-width-large:66.666666666667%;--awb-margin-top-large:0px;--awb-spacing-right-large:2.88%;--awb-margin-bottom-large:0px;--awb-spacing-left-large:2.88%;--awb-width-medium:66.666666666667%;--awb-order-medium:0;--awb-spacing-right-medium:2.88%;--awb-spacing-left-medium:2.88%;--awb-width-small:100%;--awb-order-small:0;--awb-spacing-right-small:1.92%;--awb-spacing-left-small:1.92%;\"><div class=\"fusion-column-wrapper fusion-column-has-shadow fusion-flex-justify-content-flex-start fusion-content-layout-column\"><div class=\"fusion-title title fusion-title-4 fusion-sep-none fusion-title-center fusion-title-text fusion-title-size-two\" style=\"--awb-text-color:#ffffff;--awb-margin-top:0px;--awb-margin-bottom:0px;--awb-margin-top-small:0px;--awb-font-size:35px;\"><h2 class=\"fusion-title-heading title-heading-center sm-text-align-left fusion-responsive-typography-calculated\" style=\"font-family:&quot;Poppins&quot;;font-style:normal;font-weight:300;margin:0;font-size:1em;--fontSize:35;line-height:1.3;\">Int\u00e9ress\u00e9 par l&#8217;une de nos formations ?<\/h2><\/div><\/div><\/div><div class=\"fusion-layout-column fusion_builder_column fusion-builder-column-4 fusion_builder_column_1_4 1_4 fusion-flex-column\" style=\"--awb-bg-size:cover;--awb-width-large:25%;--awb-margin-top-large:0px;--awb-spacing-right-large:7.68%;--awb-margin-bottom-large:0px;--awb-spacing-left-large:7.68%;--awb-width-medium:25%;--awb-order-medium:0;--awb-spacing-right-medium:7.68%;--awb-spacing-left-medium:7.68%;--awb-width-small:100%;--awb-order-small:0;--awb-spacing-right-small:1.92%;--awb-spacing-left-small:1.92%;\"><div class=\"fusion-column-wrapper fusion-column-has-shadow fusion-flex-justify-content-flex-start fusion-content-layout-column\"><div class=\"sm-text-align-left\" style=\"text-align:center;\"><a class=\"fusion-button button-flat button-xlarge button-custom fusion-button-default button-2 fusion-button-default-span fusion-button-default-type fusion-has-button-gradient\" style=\"--button_accent_color:#ffffff;--button_border_color:#346f8c;--button_accent_hover_color:var(--awb-custom11);--button_border_hover_color:var(--awb-custom11);--button_border_width-top:1px;--button_border_width-right:1px;--button_border_width-bottom:1px;--button_border_width-left:1px;--button_gradient_top_color:var(--awb-color5);--button_gradient_bottom_color:var(--awb-color5);--button_gradient_top_color_hover:var(--awb-color1);--button_gradient_bottom_color_hover:#ffffff;\" target=\"_self\" href=\"\/arcad\/a-propos\/contact\/\"><span class=\"fusion-button-text\">Contactez-nous<\/span><\/a><\/div><\/div><\/div><\/div><\/div><\/p>\n","protected":false},"excerpt":{"rendered":"","protected":false},"author":16,"featured_media":49538,"parent":22759,"menu_order":0,"comment_status":"closed","ping_status":"closed","template":"100-width.php","meta":{"footnotes":""},"yoast_head":"<!-- This site is optimized with the Yoast SEO plugin v21.4 - https:\/\/yoast.com\/wordpress\/plugins\/seo\/ -->\n<title>ARCAD Training - Am\u00e9liorez vos comp\u00e9tences avec les solutions ARCAD!<\/title>\n<meta name=\"description\" content=\"Choisissez une formation propos\u00e9e par ARCAD pour am\u00e9liorer vos comp\u00e9tences avec les solutions ARCAD, que ce soit dans nos locaux, sur site ou \u00e0 distance.\" \/>\n<meta name=\"robots\" content=\"index, follow, max-snippet:-1, max-image-preview:large, max-video-preview:-1\" \/>\n<link rel=\"canonical\" href=\"https:\/\/www.arcadsoftware.fr\/arcad\/support-fr\/arcad-training-ameliorez-vos-competences-avec-les-solutions-arcad\/\" \/>\n<meta property=\"og:locale\" content=\"en_US\" \/>\n<meta property=\"og:type\" content=\"article\" \/>\n<meta property=\"og:title\" content=\"ARCAD Training - Am\u00e9liorez vos comp\u00e9tences avec les solutions ARCAD!\" \/>\n<meta property=\"og:description\" content=\"Choisissez une formation propos\u00e9e par ARCAD pour am\u00e9liorer vos comp\u00e9tences avec les solutions ARCAD, que ce soit dans nos locaux, sur site ou \u00e0 distance.\" \/>\n<meta property=\"og:url\" content=\"https:\/\/www.arcadsoftware.fr\/arcad\/support-fr\/arcad-training-ameliorez-vos-competences-avec-les-solutions-arcad\/\" \/>\n<meta property=\"og:site_name\" content=\"ARCAD\" \/>\n<meta property=\"article:publisher\" content=\"https:\/\/www.facebook.com\/pages\/Arcad-Software\/116086138469235\" \/>\n<meta property=\"article:modified_time\" content=\"2025-03-11T09:43:08+00:00\" \/>\n<meta property=\"og:image\" content=\"https:\/\/www.arcadsoftware.fr\/arcad\/wp-content\/uploads\/2021\/07\/services-arcad-solution-audit-maas-1024x686-1.png\" \/>\n\t<meta property=\"og:image:width\" content=\"1024\" \/>\n\t<meta property=\"og:image:height\" content=\"686\" \/>\n\t<meta property=\"og:image:type\" content=\"image\/png\" \/>\n<meta name=\"twitter:label1\" content=\"Est. reading time\" \/>\n\t<meta name=\"twitter:data1\" content=\"5 minutes\" \/>\n<script type=\"application\/ld+json\" class=\"yoast-schema-graph\">{\"@context\":\"https:\/\/schema.org\",\"@graph\":[{\"@type\":\"WebPage\",\"@id\":\"https:\/\/www.arcadsoftware.fr\/arcad\/support-fr\/arcad-training-ameliorez-vos-competences-avec-les-solutions-arcad\/\",\"url\":\"https:\/\/www.arcadsoftware.fr\/arcad\/support-fr\/arcad-training-ameliorez-vos-competences-avec-les-solutions-arcad\/\",\"name\":\"ARCAD Training - Am\u00e9liorez vos comp\u00e9tences avec les solutions ARCAD!\",\"isPartOf\":{\"@id\":\"https:\/\/www.arcadsoftware.com\/arcad\/#website\"},\"datePublished\":\"2025-03-11T09:21:59+00:00\",\"dateModified\":\"2025-03-11T09:43:08+00:00\",\"description\":\"Choisissez une formation propos\u00e9e par ARCAD pour am\u00e9liorer vos comp\u00e9tences avec les solutions ARCAD, que ce soit dans nos locaux, sur site ou \u00e0 distance.\",\"breadcrumb\":{\"@id\":\"https:\/\/www.arcadsoftware.fr\/arcad\/support-fr\/arcad-training-ameliorez-vos-competences-avec-les-solutions-arcad\/#breadcrumb\"},\"inLanguage\":\"en-US\",\"potentialAction\":[{\"@type\":\"ReadAction\",\"target\":[\"https:\/\/www.arcadsoftware.fr\/arcad\/support-fr\/arcad-training-ameliorez-vos-competences-avec-les-solutions-arcad\/\"]}]},{\"@type\":\"BreadcrumbList\",\"@id\":\"https:\/\/www.arcadsoftware.fr\/arcad\/support-fr\/arcad-training-ameliorez-vos-competences-avec-les-solutions-arcad\/#breadcrumb\",\"itemListElement\":[{\"@type\":\"ListItem\",\"position\":1,\"name\":\"ARCAD\",\"item\":\"https:\/\/www.arcadsoftware.com\/arcad\/\"},{\"@type\":\"ListItem\",\"position\":2,\"name\":\"Support\",\"item\":\"https:\/\/www.arcadsoftware.fr\/arcad\/support-fr\/\"},{\"@type\":\"ListItem\",\"position\":3,\"name\":\"ARCAD Training &#8211; Am\u00e9liorez vos comp\u00e9tences avec les solutions ARCAD\"}]},{\"@type\":\"WebSite\",\"@id\":\"https:\/\/www.arcadsoftware.com\/arcad\/#website\",\"url\":\"https:\/\/www.arcadsoftware.com\/arcad\/\",\"name\":\"ARCAD\",\"description\":\"Experts DevOps &amp; Modernisation sur IBM i (alias AS\/400 ou AS400)\",\"publisher\":{\"@id\":\"https:\/\/www.arcadsoftware.com\/arcad\/#organization\"},\"potentialAction\":[{\"@type\":\"SearchAction\",\"target\":{\"@type\":\"EntryPoint\",\"urlTemplate\":\"https:\/\/www.arcadsoftware.com\/arcad\/?s={search_term_string}\"},\"query-input\":\"required name=search_term_string\"}],\"inLanguage\":\"en-US\"},{\"@type\":\"Organization\",\"@id\":\"https:\/\/www.arcadsoftware.com\/arcad\/#organization\",\"name\":\"ARCAD Software\",\"url\":\"https:\/\/www.arcadsoftware.com\/arcad\/\",\"logo\":{\"@type\":\"ImageObject\",\"inLanguage\":\"en-US\",\"@id\":\"https:\/\/www.arcadsoftware.com\/arcad\/#\/schema\/logo\/image\/\",\"url\":\"https:\/\/www.arcadsoftware.com\/arcad\/wp-content\/uploads\/2017\/09\/arcad-group-logo-text-144.png\",\"contentUrl\":\"https:\/\/www.arcadsoftware.com\/arcad\/wp-content\/uploads\/2017\/09\/arcad-group-logo-text-144.png\",\"width\":144,\"height\":200,\"caption\":\"ARCAD Software\"},\"image\":{\"@id\":\"https:\/\/www.arcadsoftware.com\/arcad\/#\/schema\/logo\/image\/\"},\"sameAs\":[\"https:\/\/www.facebook.com\/pages\/Arcad-Software\/116086138469235\",\"https:\/\/twitter.com\/arcad_software\",\"https:\/\/www.linkedin.com\/company\/arcad-software\",\"https:\/\/www.youtube.com\/user\/ARCADSoftwareInc\"]}]}<\/script>\n<!-- \/ Yoast SEO plugin. -->","yoast_head_json":{"title":"ARCAD Training - Am\u00e9liorez vos comp\u00e9tences avec les solutions ARCAD!","description":"Choisissez une formation propos\u00e9e par ARCAD pour am\u00e9liorer vos comp\u00e9tences avec les solutions ARCAD, que ce soit dans nos locaux, sur site ou \u00e0 distance.","robots":{"index":"index","follow":"follow","max-snippet":"max-snippet:-1","max-image-preview":"max-image-preview:large","max-video-preview":"max-video-preview:-1"},"canonical":"https:\/\/www.arcadsoftware.fr\/arcad\/support-fr\/arcad-training-ameliorez-vos-competences-avec-les-solutions-arcad\/","og_locale":"en_US","og_type":"article","og_title":"ARCAD Training - Am\u00e9liorez vos comp\u00e9tences avec les solutions ARCAD!","og_description":"Choisissez une formation propos\u00e9e par ARCAD pour am\u00e9liorer vos comp\u00e9tences avec les solutions ARCAD, que ce soit dans nos locaux, sur site ou \u00e0 distance.","og_url":"https:\/\/www.arcadsoftware.fr\/arcad\/support-fr\/arcad-training-ameliorez-vos-competences-avec-les-solutions-arcad\/","og_site_name":"ARCAD","article_publisher":"https:\/\/www.facebook.com\/pages\/Arcad-Software\/116086138469235","article_modified_time":"2025-03-11T09:43:08+00:00","og_image":[{"width":1024,"height":686,"url":"https:\/\/www.arcadsoftware.fr\/arcad\/wp-content\/uploads\/2021\/07\/services-arcad-solution-audit-maas-1024x686-1.png","type":"image\/png"}],"twitter_misc":{"Est. reading time":"5 minutes"},"schema":{"@context":"https:\/\/schema.org","@graph":[{"@type":"WebPage","@id":"https:\/\/www.arcadsoftware.fr\/arcad\/support-fr\/arcad-training-ameliorez-vos-competences-avec-les-solutions-arcad\/","url":"https:\/\/www.arcadsoftware.fr\/arcad\/support-fr\/arcad-training-ameliorez-vos-competences-avec-les-solutions-arcad\/","name":"ARCAD Training - Am\u00e9liorez vos comp\u00e9tences avec les solutions ARCAD!","isPartOf":{"@id":"https:\/\/www.arcadsoftware.com\/arcad\/#website"},"datePublished":"2025-03-11T09:21:59+00:00","dateModified":"2025-03-11T09:43:08+00:00","description":"Choisissez une formation propos\u00e9e par ARCAD pour am\u00e9liorer vos comp\u00e9tences avec les solutions ARCAD, que ce soit dans nos locaux, sur site ou \u00e0 distance.","breadcrumb":{"@id":"https:\/\/www.arcadsoftware.fr\/arcad\/support-fr\/arcad-training-ameliorez-vos-competences-avec-les-solutions-arcad\/#breadcrumb"},"inLanguage":"en-US","potentialAction":[{"@type":"ReadAction","target":["https:\/\/www.arcadsoftware.fr\/arcad\/support-fr\/arcad-training-ameliorez-vos-competences-avec-les-solutions-arcad\/"]}]},{"@type":"BreadcrumbList","@id":"https:\/\/www.arcadsoftware.fr\/arcad\/support-fr\/arcad-training-ameliorez-vos-competences-avec-les-solutions-arcad\/#breadcrumb","itemListElement":[{"@type":"ListItem","position":1,"name":"ARCAD","item":"https:\/\/www.arcadsoftware.com\/arcad\/"},{"@type":"ListItem","position":2,"name":"Support","item":"https:\/\/www.arcadsoftware.fr\/arcad\/support-fr\/"},{"@type":"ListItem","position":3,"name":"ARCAD Training &#8211; Am\u00e9liorez vos comp\u00e9tences avec les solutions ARCAD"}]},{"@type":"WebSite","@id":"https:\/\/www.arcadsoftware.com\/arcad\/#website","url":"https:\/\/www.arcadsoftware.com\/arcad\/","name":"ARCAD","description":"Experts DevOps &amp; Modernisation sur IBM i (alias AS\/400 ou AS400)","publisher":{"@id":"https:\/\/www.arcadsoftware.com\/arcad\/#organization"},"potentialAction":[{"@type":"SearchAction","target":{"@type":"EntryPoint","urlTemplate":"https:\/\/www.arcadsoftware.com\/arcad\/?s={search_term_string}"},"query-input":"required name=search_term_string"}],"inLanguage":"en-US"},{"@type":"Organization","@id":"https:\/\/www.arcadsoftware.com\/arcad\/#organization","name":"ARCAD Software","url":"https:\/\/www.arcadsoftware.com\/arcad\/","logo":{"@type":"ImageObject","inLanguage":"en-US","@id":"https:\/\/www.arcadsoftware.com\/arcad\/#\/schema\/logo\/image\/","url":"https:\/\/www.arcadsoftware.com\/arcad\/wp-content\/uploads\/2017\/09\/arcad-group-logo-text-144.png","contentUrl":"https:\/\/www.arcadsoftware.com\/arcad\/wp-content\/uploads\/2017\/09\/arcad-group-logo-text-144.png","width":144,"height":200,"caption":"ARCAD Software"},"image":{"@id":"https:\/\/www.arcadsoftware.com\/arcad\/#\/schema\/logo\/image\/"},"sameAs":["https:\/\/www.facebook.com\/pages\/Arcad-Software\/116086138469235","https:\/\/twitter.com\/arcad_software","https:\/\/www.linkedin.com\/company\/arcad-software","https:\/\/www.youtube.com\/user\/ARCADSoftwareInc"]}]}},"_links":{"self":[{"href":"https:\/\/www.arcadsoftware.com\/arcad\/wp-json\/wp\/v2\/pages\/72448"}],"collection":[{"href":"https:\/\/www.arcadsoftware.com\/arcad\/wp-json\/wp\/v2\/pages"}],"about":[{"href":"https:\/\/www.arcadsoftware.com\/arcad\/wp-json\/wp\/v2\/types\/page"}],"author":[{"embeddable":true,"href":"https:\/\/www.arcadsoftware.com\/arcad\/wp-json\/wp\/v2\/users\/16"}],"replies":[{"embeddable":true,"href":"https:\/\/www.arcadsoftware.com\/arcad\/wp-json\/wp\/v2\/comments?post=72448"}],"version-history":[{"count":3,"href":"https:\/\/www.arcadsoftware.com\/arcad\/wp-json\/wp\/v2\/pages\/72448\/revisions"}],"predecessor-version":[{"id":72497,"href":"https:\/\/www.arcadsoftware.com\/arcad\/wp-json\/wp\/v2\/pages\/72448\/revisions\/72497"}],"up":[{"embeddable":true,"href":"https:\/\/www.arcadsoftware.com\/arcad\/wp-json\/wp\/v2\/pages\/22759"}],"wp:featuredmedia":[{"embeddable":true,"href":"https:\/\/www.arcadsoftware.com\/arcad\/wp-json\/wp\/v2\/media\/49538"}],"wp:attachment":[{"href":"https:\/\/www.arcadsoftware.com\/arcad\/wp-json\/wp\/v2\/media?parent=72448"}],"curies":[{"name":"wp","href":"https:\/\/api.w.org\/{rel}","templated":true}]}}